{"id":14009,"date":"2024-08-12T10:46:23","date_gmt":"2024-08-12T10:46:23","guid":{"rendered":"https:\/\/patrimi.com\/politica-de-privacidad\/"},"modified":"2024-08-12T10:46:23","modified_gmt":"2024-08-12T10:46:23","slug":"politica-de-privacidad","status":"publish","type":"page","link":"https:\/\/patrimi.com\/nl\/politica-de-privacidad\/","title":{"rendered":"Pol\u00edtica de privacidad"},"content":{"rendered":"\t\t<div data-elementor-type=\"wp-page\" data-elementor-id=\"14009\" class=\"elementor elementor-14009 elementor-857\" data-elementor-post-type=\"page\">\n\t\t\t\t\t\t<section class=\"elementor-section elementor-top-section elementor-element elementor-element-84f8297 elementor-section-height-min-height elementor-section-boxed elementor-section-height-default elementor-section-items-middle\" data-id=\"84f8297\" data-element_type=\"section\">\n\t\t\t\t\t\t<div class=\"elementor-container elementor-column-gap-default\">\n\t\t\t\t\t<div class=\"elementor-column elementor-col-100 elementor-top-column elementor-element elementor-element-a2c8e83\" data-id=\"a2c8e83\" data-element_type=\"column\">\n\t\t\t<div class=\"elementor-widget-wrap elementor-element-populated\">\n\t\t\t\t\t\t<div class=\"elementor-element elementor-element-5da4de0 elementor-widget elementor-widget-heading\" data-id=\"5da4de0\" data-element_type=\"widget\" data-widget_type=\"heading.default\">\n\t\t\t\t<div class=\"elementor-widget-container\">\n\t\t\t\t\t<h2 class=\"elementor-heading-title elementor-size-default\">Pol\u00edtica de privacidad<\/h2>\t\t\t\t<\/div>\n\t\t\t\t<\/div>\n\t\t\t\t\t<\/div>\n\t\t<\/div>\n\t\t\t\t\t<\/div>\n\t\t<\/section>\n\t\t\t\t<section class=\"elementor-section elementor-top-section elementor-element elementor-element-1da2a140 elementor-section-boxed elementor-section-height-default elementor-section-height-default\" data-id=\"1da2a140\" data-element_type=\"section\">\n\t\t\t\t\t\t<div class=\"elementor-container elementor-column-gap-default\">\n\t\t\t\t\t<div class=\"elementor-column elementor-col-100 elementor-top-column elementor-element elementor-element-4ac2798c\" data-id=\"4ac2798c\" data-element_type=\"column\">\n\t\t\t<div class=\"elementor-widget-wrap elementor-element-populated\">\n\t\t\t\t\t\t<div class=\"elementor-element elementor-element-4d38b354 elementor-widget elementor-widget-text-editor\" data-id=\"4d38b354\" data-element_type=\"widget\" data-widget_type=\"text-editor.default\">\n\t\t\t\t<div class=\"elementor-widget-container\">\n\t\t\t\t\t\t\t\t\t<div id=\"clickdatos\">\n<div id=\"Politica de privacidad\" class=\"fusion-fullwidth fullwidth-box fusion-fullwidth-2 fusion-parallax-none nonhundred-percent-fullwidth Politica de privacidad\">\n<div class=\"fusion-row\">\n<p><strong>INFORMACI\u00d3N AL USUARIO<\/strong><\/p>\n<p><strong>PATRIM<\/strong><strong>I RESORT S.L.<\/strong>, en adelante RESPONSABLE, es el Responsable del tratamiento de los datos personales del Usuario y le informa que estos datos ser\u00e1n tratados de conformidad con lo dispuesto en el Reglamento (UE) 2016\/679 de 27 de abril de 2016 (GDPR) \u00a0relativo a la protecci\u00f3n de las personas f\u00edsicas en lo que respecta al tratamiento de datos personales y a la libre circulaci\u00f3n de estos datos, por lo que se le facilita la siguiente informaci\u00f3n del tratamiento:<\/p>\n<p><strong>Fi<\/strong><strong>n del tratamiento<\/strong>: mantener una relaci\u00f3n comercial con el Usuario. Las operaciones previstas para realizar el tratamiento son:<\/p>\n<p>Remisi\u00f3n de comunicaciones comerciales publicitarias por email, fax, SMS, MMS, comunidades sociales o cualquier otro medio electr\u00f3nico o f\u00edsico, presente o futuro, que posibilite realizar comunicaciones comerciales. Estas comunicaciones ser\u00e1n realizadas por el RESPONSABLE y relacionadas sobre sus productos y servicios, o de sus colaboradores o proveedores con los que \u00e9ste haya alcanzado alg\u00fan acuerdo de promoci\u00f3n. En este caso, los terceros nunca tendr\u00e1n acceso a los datos personales.<\/p>\n<p>Realizar estudios estad\u00edsticos.<\/p>\n<p>Tramitar encargos, solicitudes o cualquier tipo de petici\u00f3n que sea realizada por el usuario a trav\u00e9s de cualquiera de las formas de contacto que se ponen a su disposici\u00f3n.<\/p>\n<p>Remitir el bolet\u00edn de noticias de la p\u00e1gina web.<\/p>\n<p><strong>Criterio<\/strong><strong>s de conservaci\u00f3n de los datos<\/strong>: se conservar\u00e1n mientras exista un inter\u00e9s mutuo para mantener el fin del tratamiento y cuando ya no sea necesario para tal fin, se suprimir\u00e1n con medidas de seguridad adecuadas para garantizar la seudonimizaci\u00f3n de los datos o la destrucci\u00f3n total de los mismos.<\/p>\n<p><strong>Comunicaci\u00f3n de los datos<\/strong>: No se comunicar\u00e1n los datos a terceros, salvo obligaci\u00f3n legal.<\/p>\n<p><strong>Derechos que asisten al Usuario<\/strong>:<\/p>\n<p>Derecho a retirar el consentimiento en cualquier momento.<\/p>\n<p>Derecho de acceso, rectificaci\u00f3n, portabilidad y supresi\u00f3n de sus datos y a la limitaci\u00f3n u oposici\u00f3n al su tratamiento.<\/p>\n<p>Derecho a presentar una reclamaci\u00f3n ante la autoridad de control (agpd.es) si considera que el tratamiento no se ajusta a la normativa vigente.<\/p>\n<p><strong>Datos de contacto para ejercer sus derechos<\/strong>:<\/p>\n<p>Direcci\u00f3n postal: PATRIMI RESORT S.L.. CTRA. ALGORFA MONTESINOS, KM3 03169 ALGORFA (ALICANTE). Email:\u00a0<a href=\"mailto:legal@patrimi.com\">legal@patrimi.com<\/a><\/p>\n<p><strong>CAR\u00c1CTER OBLIGATORIO O FACULTATIVO DE LA INFORMACI\u00d3N FACILITADA POR EL USUARIO<\/strong><\/p>\n<p>Los Usuarios, mediante la marcaci\u00f3n de las casillas correspondientes y entrada de datos en los campos, marcados con un asterisco (*) en el formulario de contacto o presentados en formularios de descarga, aceptan expresamente y de forma libre e inequ\u00edvoca, que sus datos son necesarios para atender su petici\u00f3n, por parte del prestador, siendo voluntaria la inclusi\u00f3n de datos en los campos restantes. El Usuario garantiza que los datos personales facilitados al RESPONSABLE son veraces y se hace responsable de comunicar cualquier modificaci\u00f3n de los mismos.<\/p>\n<p>El RESPONSABLE informa y garantiza expresamente a los usuarios que sus datos personales no ser\u00e1n cedidos en ning\u00fan caso a terceros, y que siempre que realizara alg\u00fan tipo de cesi\u00f3n de datos personales, se pedir\u00e1 previamente el consentimiento expreso, informado e inequ\u00edvoco por parte los Usuarios. Todos los datos solicitados a trav\u00e9s del sitio web son obligatorios, ya que son necesarios para la prestaci\u00f3n de un servicio \u00f3ptimo al Usuario. En caso de que no sean facilitados todos los datos, no se garantiza que la informaci\u00f3n y servicios facilitados sean completamente ajustados a sus necesidades.<\/p>\n<p><strong>MEDIDAS DE SEGURIDAD<\/strong><\/p>\n<p>Que de conformidad con lo dispuesto en las normativas vigentes en protecci\u00f3n de datos personales, el RESPONSABLE est\u00e1 cumpliendo con todas las disposiciones de las normativas GDPR para el tratamiento de los datos personales de su responsabilidad, y manifiestamente con los principios descritos en el art\u00edculo 5 del GDPR, por los cuales son tratados de manera l\u00edcita, leal y transparente en relaci\u00f3n con el interesado y adecuados, pertinentes y limitados a lo necesario en relaci\u00f3n con los fines para los que son tratados.<\/p>\n<p>El RESPONSABLE garantiza que ha implementado pol\u00edticas t\u00e9cnicas y organizativas apropiadas para aplicar las medidas de seguridad que establecen el GDPR con el fin de proteger los derechos y libertades de los Usuarios y les ha comunicado la informaci\u00f3n adecuada para que puedan ejercerlos.<\/p>\n<\/div>\n<\/div>\n<div id=\"Tratamiento de datos\" class=\"fusion-fullwidth fullwidth-box fusion-fullwidth-3 fusion-parallax-none nonhundred-percent-fullwidth Tratamiento de datos\">\n<div class=\"fusion-row\">\n<hr \/>\n<p><strong>Consentimiento para el tratamiento de datos personales:<\/strong><\/p>\n<p><strong>PATRIMI RESORT S.L.\u00a0<\/strong>es el Responsable del tratamiento de los datos personales del usuario y le informa que estos datos ser\u00e1n tratados de conformidad con lo dispuesto en el Reglamento (UE)2016\/679 de 27 de abril de 2016 (GDPR), por lo que se le facilita la siguiente informaci\u00f3n del tratamiento:<\/p>\n<p><strong>Fin del tratamiento<\/strong><\/p>\n<p>Mantener una relaci\u00f3n comercial y el env\u00edo de comunicaciones sobre nuestros productos y servicios.<\/p>\n<p><strong>Criterios de conservaci\u00f3n de los datos<\/strong><\/p>\n<p>Se conservar\u00e1n mientras exista un inter\u00e9s mutuo para mantener el fin del tratamiento y cuando ya no sea necesario para tal fin, se suprimir\u00e1n con medidas de seguridad adecuadas para garantizar la seudonimizaci\u00f3n de los datos o la destrucci\u00f3n total de los mismos.<\/p>\n<p><strong>Comunicaci\u00f3n de los datos<\/strong><\/p>\n<p>No se comunicar\u00e1n los datos a terceros, salvo obligaci\u00f3n legal.<\/p>\n<p><strong>Derechos que asisten al usuario<\/strong><\/p>\n<p>Derecho a retirar el consentimiento en cualquier momento. Derecho de acceso, rectificaci\u00f3n, portabilidad y supresi\u00f3n de sus datos y a la limitaci\u00f3n u oposici\u00f3n al su tratamiento. Derecho a presentar una reclamaci\u00f3n ante la Autoridad de control (agpd.es) si considera que el tratamiento no se ajusta a la normativa vigente.<strong>Datos de contacto para ejercer sus derechos<\/strong>:\u00a0<a href=\"mailto:legal@patrimi.com\">legal@patrimi.com<\/a>.<\/p>\n<\/div>\n<\/div>\n<div id=\"Tratamiento de Curriculum\" class=\"fusion-fullwidth fullwidth-box fusion-fullwidth-4 fusion-parallax-none nonhundred-percent-fullwidth Tratamiento de Curriculum\">\n<div class=\"fusion-row\">\n<hr \/>\n<p><strong>Informaci\u00f3n para el tratamiento de datos personales con finalidad de candidato a empleado<\/strong><strong>:<\/strong><\/p>\n<p>PATRIMI RESORT S.L. es el\u00a0<strong>Responsable del tratamiento\u00a0<\/strong>de los datos personales del interesado y le informa que estos datos ser\u00e1n tratados de conformidad con lo dispuesto en el Reglamento (UE)2016\/679 de 27 de abril de 2016 (GDPR), por lo que se le facilita la siguiente informaci\u00f3n del tratamiento<\/p>\n<p><strong>Fin del tratamiento<\/strong><\/p>\n<p>Hacer part\u00edcipe al interesado en los procesos de selecci\u00f3n de personal, llevando a cabo un an\u00e1lisis del perfil del solicitante con el objetivo de seleccionar al mejor candidato para el puesto vacante del Responsable.<\/p>\n<p><strong>Registr<\/strong><strong>o de curr\u00edculums<\/strong><\/p>\n<p>Le informamos que \u00e9ste es el \u00fanico procedimiento oficial para aceptar su curr\u00edculum, por lo que no se aceptar\u00e1n los curr\u00edculum remitidos por otro procedimiento diferente.<\/p>\n<p><strong>Criterio<\/strong><strong>s de conservaci\u00f3n de los datos<\/strong><\/p>\n<p>Se conservar\u00e1n durante un plazo m\u00e1ximo de <strong>un a\u00f1o<\/strong>, transcurrido el cual se proceder\u00e1 a la supresi\u00f3n de los datos garantiz\u00e1ndole un total respeto a la confidencialidad tanto en el tratamiento como en su posterior destrucci\u00f3n. En este sentido, transcurrido el citado plazo, y si desea continuar participando en los procesos de selecci\u00f3n del Responsable, le rogamos nos remita nuevamente su curr\u00edculum.<strong>Actualizaci\u00f3n de los datos<\/strong>: En caso de producirse alguna modificaci\u00f3n en sus datos, le rogamos nos lo comunique por escrito lo antes posible, con objeto de mantener sus datos debidamente actualizados.<strong>Comunicaci\u00f3<\/strong><strong>n de los datos<\/strong>: se podr\u00e1n tratar y\/o comunicar a las empresas integrantes de nuestro grupo (cuyas direcciones figuran en esta misma p\u00e1gina web), durante el tiempo de conservaci\u00f3n de su curr\u00edculum y para los mismos fines antes informados.<strong>Derechos que asisten al Interesado<\/strong>:- Derecho a retirar el consentimiento en cualquier momento.- Derecho de acceso, rectificaci\u00f3n, portabilidad y supresi\u00f3n de sus datos y a la limitaci\u00f3n u oposici\u00f3n a su tratamiento.- Derecho a presentar una reclamaci\u00f3n ante la Autoridad de control (agpd.es) si considera que el tratamiento no se ajusta a la normativa vigente.<\/p>\n<p><strong>Dato<\/strong><strong>s de contacto para ejercer sus derechos:\u00a0<\/strong>PATRIMI RESORT S.L.. CTRA. ALGORFA MONTESINOS, KM3 03169 ALGORFA (ALICANTE).\u00a0<a href=\"mailto:legal@patrimi.com\">Email: legal@patrimi.com<\/a>.<\/p>\n<p>Para continuar, usted debe aceptar que ha le\u00eddo y est\u00e1 conforme con la cl\u00e1usula anterior.<\/p>\n<\/div>\n<\/div>\n<div id=\"Tratamiento de datos (Blog)\" class=\"fusion-fullwidth fullwidth-box fusion-fullwidth-5 fusion-parallax-none nonhundred-percent-fullwidth Tratamiento de datos (Blog)\">\n<div class=\"fusion-row\">\n<hr \/>\n<p><strong>Consentimiento para tratar datos personales (blog)<\/strong><\/p>\n<p><strong>PATRIMI RESORT S.L.\u00a0<\/strong>es el Responsable del tratamiento de los datos personales del usuario y le informa que estos datos ser\u00e1n tratados de conformidad con lo dispuesto en el Reglamento (UE)2016\/679 de 27 de abril de 2016 (GDPR), por lo que se le facilita la siguiente informaci\u00f3n del tratamiento.<\/p>\n<p><strong>Fin del tratamiento<\/strong><\/p>\n<p>Suscripci\u00f3n al blog informativo<\/p>\n<p><strong>Criterios de conservaci\u00f3n de los datos<\/strong>: Se conservar\u00e1n mientras exista un inter\u00e9s mutuo para mantener la suscripci\u00f3n al blog.<\/p>\n<p><strong>Comunicaci\u00f3n de los datos<\/strong><\/p>\n<p>No se comunicar\u00e1n los datos a terceros, salvo obligaci\u00f3n legal.<\/p>\n<p><strong>Derechos que asisten al usuario<\/strong><\/p>\n<p>Derecho a retirar el consentimiento en cualquier momento. Derecho de acceso, rectificaci\u00f3n, portabilidad y supresi\u00f3n de sus datos y a la limitaci\u00f3n u oposici\u00f3n al su tratamiento. Derecho a presentar una reclamaci\u00f3n ante la Autoridad de control (agpd.es) si considera que el tratamiento no se ajusta a la normativa vigente<\/p>\n<p><strong>Datos de contacto para ejercer sus derechos<\/strong>:\u00a0<a href=\"mailto:legal@patrimi.com\">legal@patrimi.com<\/a><\/p>\n<\/div>\n<\/div>\n<\/div>\n\t\t\t\t\t\t\t\t<\/div>\n\t\t\t\t<\/div>\n\t\t\t\t\t<\/div>\n\t\t<\/div>\n\t\t\t\t\t<\/div>\n\t\t<\/section>\n\t\t\t\t<\/div>\n\t\t","protected":false},"excerpt":{"rendered":"<p>Pol\u00edtica de privacidad INFORMACI\u00d3N AL USUARIO PATRIMI RESORT S.L., en adelante RESPONSABLE, es el Responsable del tratamiento de los datos personales del Usuario y le informa que estos datos ser\u00e1n tratados de conformidad con lo dispuesto en el Reglamento (UE) 2016\/679 de 27 de abril de 2016 (GDPR) \u00a0relativo a la protecci\u00f3n de las personas [&hellip;]<\/p>\n","protected":false},"author":3,"featured_media":0,"parent":0,"menu_order":0,"comment_status":"closed","ping_status":"closed","template":"","meta":{"inline_featured_image":false,"footnotes":""},"class_list":["post-14009","page","type-page","status-publish","hentry"],"yoast_head":"<!-- This site is optimized with the Yoast SEO plugin v25.0 - https:\/\/yoast.com\/wordpress\/plugins\/seo\/ -->\n<title>Pol\u00edtica de privacidad - Patrimi<\/title>\n<meta name=\"robots\" content=\"index, follow, max-snippet:-1, max-image-preview:large, max-video-preview:-1\" \/>\n<link rel=\"canonical\" href=\"https:\/\/patrimi.com\/nl\/politica-de-privacidad\/\" \/>\n<meta property=\"og:locale\" content=\"nl_NL\" \/>\n<meta property=\"og:type\" content=\"article\" \/>\n<meta property=\"og:title\" content=\"Pol\u00edtica de privacidad - Patrimi\" \/>\n<meta property=\"og:description\" content=\"Pol\u00edtica de privacidad INFORMACI\u00d3N AL USUARIO PATRIMI RESORT S.L., en adelante RESPONSABLE, es el Responsable del tratamiento de los datos personales del Usuario y le informa que estos datos ser\u00e1n tratados de conformidad con lo dispuesto en el Reglamento (UE) 2016\/679 de 27 de abril de 2016 (GDPR) \u00a0relativo a la protecci\u00f3n de las personas [&hellip;]\" \/>\n<meta property=\"og:url\" content=\"https:\/\/patrimi.com\/nl\/politica-de-privacidad\/\" \/>\n<meta property=\"og:site_name\" content=\"Patrimi\" \/>\n<meta property=\"article:publisher\" content=\"https:\/\/www.facebook.com\/patrimihomingdreams\" \/>\n<meta name=\"twitter:card\" content=\"summary_large_image\" \/>\n<meta name=\"twitter:label1\" content=\"Geschatte leestijd\" \/>\n\t<meta name=\"twitter:data1\" content=\"8 minuten\" \/>\n<script type=\"application\/ld+json\" class=\"yoast-schema-graph\">{\"@context\":\"https:\/\/schema.org\",\"@graph\":[{\"@type\":\"WebPage\",\"@id\":\"https:\/\/patrimi.com\/nl\/politica-de-privacidad\/\",\"url\":\"https:\/\/patrimi.com\/nl\/politica-de-privacidad\/\",\"name\":\"Pol\u00edtica de privacidad - Patrimi\",\"isPartOf\":{\"@id\":\"https:\/\/patrimi.com\/nl\/#website\"},\"datePublished\":\"2024-08-12T10:46:23+00:00\",\"breadcrumb\":{\"@id\":\"https:\/\/patrimi.com\/nl\/politica-de-privacidad\/#breadcrumb\"},\"inLanguage\":\"nl-NL\",\"potentialAction\":[{\"@type\":\"ReadAction\",\"target\":[\"https:\/\/patrimi.com\/nl\/politica-de-privacidad\/\"]}]},{\"@type\":\"BreadcrumbList\",\"@id\":\"https:\/\/patrimi.com\/nl\/politica-de-privacidad\/#breadcrumb\",\"itemListElement\":[{\"@type\":\"ListItem\",\"position\":1,\"name\":\"Portada\",\"item\":\"https:\/\/patrimi.com\/nl\/home\/\"},{\"@type\":\"ListItem\",\"position\":2,\"name\":\"Pol\u00edtica de privacidad\"}]},{\"@type\":\"WebSite\",\"@id\":\"https:\/\/patrimi.com\/nl\/#website\",\"url\":\"https:\/\/patrimi.com\/nl\/\",\"name\":\"Patrimi\",\"description\":\"Promociones Inmobiliarias\",\"publisher\":{\"@id\":\"https:\/\/patrimi.com\/nl\/#organization\"},\"potentialAction\":[{\"@type\":\"SearchAction\",\"target\":{\"@type\":\"EntryPoint\",\"urlTemplate\":\"https:\/\/patrimi.com\/nl\/?s={search_term_string}\"},\"query-input\":{\"@type\":\"PropertyValueSpecification\",\"valueRequired\":true,\"valueName\":\"search_term_string\"}}],\"inLanguage\":\"nl-NL\"},{\"@type\":\"Organization\",\"@id\":\"https:\/\/patrimi.com\/nl\/#organization\",\"name\":\"Patrimi\",\"url\":\"https:\/\/patrimi.com\/nl\/\",\"logo\":{\"@type\":\"ImageObject\",\"inLanguage\":\"nl-NL\",\"@id\":\"https:\/\/patrimi.com\/nl\/#\/schema\/logo\/image\/\",\"url\":\"https:\/\/patrimi.com\/wp-content\/uploads\/2020\/02\/Patrimi_Logo_Negro.svg\",\"contentUrl\":\"https:\/\/patrimi.com\/wp-content\/uploads\/2020\/02\/Patrimi_Logo_Negro.svg\",\"caption\":\"Patrimi\"},\"image\":{\"@id\":\"https:\/\/patrimi.com\/nl\/#\/schema\/logo\/image\/\"},\"sameAs\":[\"https:\/\/www.facebook.com\/patrimihomingdreams\"]}]}<\/script>\n<!-- \/ Yoast SEO plugin. -->","yoast_head_json":{"title":"Pol\u00edtica de privacidad - Patrimi","robots":{"index":"index","follow":"follow","max-snippet":"max-snippet:-1","max-image-preview":"max-image-preview:large","max-video-preview":"max-video-preview:-1"},"canonical":"https:\/\/patrimi.com\/nl\/politica-de-privacidad\/","og_locale":"nl_NL","og_type":"article","og_title":"Pol\u00edtica de privacidad - Patrimi","og_description":"Pol\u00edtica de privacidad INFORMACI\u00d3N AL USUARIO PATRIMI RESORT S.L., en adelante RESPONSABLE, es el Responsable del tratamiento de los datos personales del Usuario y le informa que estos datos ser\u00e1n tratados de conformidad con lo dispuesto en el Reglamento (UE) 2016\/679 de 27 de abril de 2016 (GDPR) \u00a0relativo a la protecci\u00f3n de las personas [&hellip;]","og_url":"https:\/\/patrimi.com\/nl\/politica-de-privacidad\/","og_site_name":"Patrimi","article_publisher":"https:\/\/www.facebook.com\/patrimihomingdreams","twitter_card":"summary_large_image","twitter_misc":{"Geschatte leestijd":"8 minuten"},"schema":{"@context":"https:\/\/schema.org","@graph":[{"@type":"WebPage","@id":"https:\/\/patrimi.com\/nl\/politica-de-privacidad\/","url":"https:\/\/patrimi.com\/nl\/politica-de-privacidad\/","name":"Pol\u00edtica de privacidad - Patrimi","isPartOf":{"@id":"https:\/\/patrimi.com\/nl\/#website"},"datePublished":"2024-08-12T10:46:23+00:00","breadcrumb":{"@id":"https:\/\/patrimi.com\/nl\/politica-de-privacidad\/#breadcrumb"},"inLanguage":"nl-NL","potentialAction":[{"@type":"ReadAction","target":["https:\/\/patrimi.com\/nl\/politica-de-privacidad\/"]}]},{"@type":"BreadcrumbList","@id":"https:\/\/patrimi.com\/nl\/politica-de-privacidad\/#breadcrumb","itemListElement":[{"@type":"ListItem","position":1,"name":"Portada","item":"https:\/\/patrimi.com\/nl\/home\/"},{"@type":"ListItem","position":2,"name":"Pol\u00edtica de privacidad"}]},{"@type":"WebSite","@id":"https:\/\/patrimi.com\/nl\/#website","url":"https:\/\/patrimi.com\/nl\/","name":"Patrimi","description":"Promociones Inmobiliarias","publisher":{"@id":"https:\/\/patrimi.com\/nl\/#organization"},"potentialAction":[{"@type":"SearchAction","target":{"@type":"EntryPoint","urlTemplate":"https:\/\/patrimi.com\/nl\/?s={search_term_string}"},"query-input":{"@type":"PropertyValueSpecification","valueRequired":true,"valueName":"search_term_string"}}],"inLanguage":"nl-NL"},{"@type":"Organization","@id":"https:\/\/patrimi.com\/nl\/#organization","name":"Patrimi","url":"https:\/\/patrimi.com\/nl\/","logo":{"@type":"ImageObject","inLanguage":"nl-NL","@id":"https:\/\/patrimi.com\/nl\/#\/schema\/logo\/image\/","url":"https:\/\/patrimi.com\/wp-content\/uploads\/2020\/02\/Patrimi_Logo_Negro.svg","contentUrl":"https:\/\/patrimi.com\/wp-content\/uploads\/2020\/02\/Patrimi_Logo_Negro.svg","caption":"Patrimi"},"image":{"@id":"https:\/\/patrimi.com\/nl\/#\/schema\/logo\/image\/"},"sameAs":["https:\/\/www.facebook.com\/patrimihomingdreams"]}]}},"_links":{"self":[{"href":"https:\/\/patrimi.com\/nl\/wp-json\/wp\/v2\/pages\/14009","targetHints":{"allow":["GET"]}}],"collection":[{"href":"https:\/\/patrimi.com\/nl\/wp-json\/wp\/v2\/pages"}],"about":[{"href":"https:\/\/patrimi.com\/nl\/wp-json\/wp\/v2\/types\/page"}],"author":[{"embeddable":true,"href":"https:\/\/patrimi.com\/nl\/wp-json\/wp\/v2\/users\/3"}],"replies":[{"embeddable":true,"href":"https:\/\/patrimi.com\/nl\/wp-json\/wp\/v2\/comments?post=14009"}],"version-history":[{"count":1,"href":"https:\/\/patrimi.com\/nl\/wp-json\/wp\/v2\/pages\/14009\/revisions"}],"predecessor-version":[{"id":14010,"href":"https:\/\/patrimi.com\/nl\/wp-json\/wp\/v2\/pages\/14009\/revisions\/14010"}],"wp:attachment":[{"href":"https:\/\/patrimi.com\/nl\/wp-json\/wp\/v2\/media?parent=14009"}],"curies":[{"name":"wp","href":"https:\/\/api.w.org\/{rel}","templated":true}]}}